{"id":777,"date":"2025-04-04T16:40:41","date_gmt":"2025-04-04T16:40:41","guid":{"rendered":"https:\/\/huelvadigital.com\/pweb\/?page_id=777"},"modified":"2025-04-04T16:40:41","modified_gmt":"2025-04-04T16:40:41","slug":"verifactu","status":"publish","type":"page","link":"https:\/\/huelvadigital.com\/pweb\/verifactu\/","title":{"rendered":"verifactu"},"content":{"rendered":"\n<h1 class=\"wp-block-heading has-text-align-center\">Todo sobre Veri*Factu<\/h1>\n\n\n\n<h2 class=\"wp-block-heading\">\u00bfQu\u00e9 es Veri*Factu?<\/h2>\n\n\n\n<p class=\"\"><strong>Veri*Factu<\/strong>&nbsp;es una normativa fiscal que desarrolla parte de la Ley 11\/2021, conocida como&nbsp;<strong>Ley Antifraude<\/strong>, para luchar contra el fraude fiscal.<\/p>\n\n\n\n<p class=\"\">Esta normativa ser\u00e1 de obligatoriedad para la pr\u00e1ctica totalidad de empresas espa\u00f1olas y la tendr\u00e1n que cumplir t\u00e9cnicamente todos los&nbsp;<em>softwares<\/em>&nbsp;del mercado, excepto los de Euskadi y Navarra que emitan alg\u00fan tipo de factura, que tendr\u00e1n que seguir y disponer de una serie de requisitos para su correcta aplicaci\u00f3n. \u00bfEn qu\u00e9 consiste la normativa&nbsp;<strong>Veri*Factu<\/strong>?<\/p>\n\n\n\n<h2 class=\"wp-block-heading\">\u00bfEn qu\u00e9 consiste la normativa Veri*Factu?<\/h2>\n\n\n\n<p class=\"\">Cuando se emita una&nbsp;<strong>factura<\/strong>&nbsp;a trav\u00e9s de cualquier sistema digital adaptado al&nbsp;<strong>Veri*Factu<\/strong>, se tendr\u00e1n que cumplir, entre otros, los siguientes requisitos:<\/p>\n\n\n\n<ul class=\"wp-block-list\">\n<li class=\"\"><strong>Encadenamiento entre facturas:<\/strong>Cuando se emita una factura, esta tiene que estar relacionada con las anteriores, mediante un sistema de concatenaci\u00f3n entre n\u00famero, importe, fecha, etc., para que nadie pueda modificarla, ya que dicho encadenamiento quedar\u00eda roto y se detectar\u00eda al instante dicha manipulaci\u00f3n<\/li>\n\n\n\n<li class=\"\"><strong>Impresi\u00f3n de un c\u00f3digo QR en la factura:<\/strong>la factura impresa, tanto en papel como en formato digital (PDF\u2026), tendr\u00e1 que contener un c\u00f3digo QR que el usuario al que va dirigida dicha factura pueda leer y conectar autom\u00e1ticamente con los servidores de la AEAT para verificar que dicha factura ha sido procesada y enviada, pudiendo consultar sus datos b\u00e1sicos.<\/li>\n\n\n\n<li class=\"\">En el caso del\u00a0<strong>env\u00edo inmediato de las facturas<\/strong>, estas tendr\u00e1n que contener un a\u00f1adido que indique que han sido realizadas mediante el sistema Veri*Factu.<\/li>\n\n\n\n<li class=\"\"><strong>Env\u00edo inmediato de los datos b\u00e1sicos de la factura a los servidores de la AEAT<\/strong>\u00a0para que queden almacenados para su posterior inspecci\u00f3n y comprobaci\u00f3n. En este proceso, los datos que se env\u00edan son:\n<ul class=\"wp-block-list\">\n<li class=\"\">Datos de identificaci\u00f3n de la empresa que emite la factura.<\/li>\n\n\n\n<li class=\"\">Datos (si existen) del cliente a la que va dirigida.<\/li>\n\n\n\n<li class=\"\">Identificaci\u00f3n de la factura: N\u00famero, Fecha, Tipo, etc.<\/li>\n\n\n\n<li class=\"\">Importe total de la factura con su desglose de bases e IVA.<\/li>\n<\/ul>\n<\/li>\n<\/ul>\n\n\n\n<p class=\"\">El env\u00edo inmediato de las facturas no es obligatorio como tal y puede ser sustituido por la posibilidad de almacenar la informaci\u00f3n en el disco del empresario, con unos requisitos especiales&nbsp;<strong>Veri*Factu<\/strong>, para que se puedan enviar en cualquier momento a la AEAT bajo petici\u00f3n de la misma, cuando quiera, para su inspecci\u00f3n y comprobaci\u00f3n. Esta opci\u00f3n supone asumir un riesgo, ya que tanto el empresario como la empresa del software son responsables, con penas punibles por su incumplimiento, de la TOTAL integridad, protecci\u00f3n e inalterabilidad de la informaci\u00f3n, riesgo que casi nadie quiere asumir, debido a la fragilidad tecnol\u00f3gica de los datos digitales.<\/p>\n\n\n\n<p class=\"\"><img data-recalc-dims=\"1\" decoding=\"async\" src=\"https:\/\/i0.wp.com\/www.bdpcenter.com\/wp-content\/uploads\/2025\/03\/todo_sobre_verifactu_1.jpg?ssl=1\"><\/p>\n\n\n\n<h2 class=\"wp-block-heading\">\u00bfSi ya hemos enviado una factura a la AEAT y detectamos un error, podemos modificarla?<\/h2>\n\n\n\n<p class=\"\">No se puede modificar una factura ya emitida. En base a la regulaci\u00f3n, la \u00fanica manera de modificar una factura es emitiendo una Factura Rectificativa y enviarla para su control.<\/p>\n\n\n\n<h2 class=\"wp-block-heading\">\u00bfSe necesita alg\u00fan tipo de Certificado Digital para el Veri*Factu?<\/h2>\n\n\n\n<p class=\"\">S\u00ed, para poder enviar los registros de las facturas a los servidores de la AEAT, se precisar\u00e1 de un Certificado Digital, que puede ser un Certificado de Sello de Empresa o bien un Certificado de Representante de Persona Jur\u00eddica.<\/p>\n\n\n\n<h2 class=\"wp-block-heading\">\u00bfCu\u00e1ndo entra en vigor?<\/h2>\n\n\n\n<p class=\"\">Todos los&nbsp;<em>softwares<\/em>&nbsp;del mercado que operen en el Estado Espa\u00f1ol tienen la obligaci\u00f3n de estar adaptados para el cumplimiento de la normativa el&nbsp;<strong>29\/07\/2025<\/strong>&nbsp;y a partir de esta fecha, las empresas obligadas a cumplir con el&nbsp;<strong>Veri*Factu<\/strong>&nbsp;no podr\u00e1n adquirir ni programas ni actualizaciones que no est\u00e9n preparados para procesar la normativa&nbsp;<strong>Veri*Factu<\/strong>.<\/p>\n\n\n\n<p class=\"\">Existen otras dos fechas relevantes, seg\u00fan el&nbsp;<strong>Real decreto 254\/202<\/strong>&nbsp;de fecha&nbsp;<strong>1 de abril de 2025<\/strong>, que determinan la entrada en vigor de la obligatoriedad por parte de los contribuyentes a cumplir con dicha normativa.<\/p>\n\n\n\n<p class=\"\"><img data-recalc-dims=\"1\" decoding=\"async\" src=\"https:\/\/i0.wp.com\/www.bdpcenter.com\/wp-content\/uploads\/2025\/03\/todo_sobre_verifactu_2.jpg?ssl=1\"><\/p>\n\n\n\n<p class=\"\">La primera es el&nbsp;<strong>01\/01\/2026<\/strong>, fecha en la que entra en vigor la obligatoriedad de cumplimiento para todas las empresas que est\u00e9n obligadas a presentar el Impuesto de Sociedades como, por ejemplo, las Sociedades An\u00f3nimas y las Sociedades Limitadas.<\/p>\n\n\n\n<p class=\"\">La fecha en que entra en vigor la obligatoriedad para el resto de los contribuyentes, entre ellos los trabajadores aut\u00f3nomos, es el&nbsp;<strong>01\/07\/2026<\/strong><\/p>\n\n\n\n<figure class=\"wp-block-image\"><img data-recalc-dims=\"1\" decoding=\"async\" src=\"https:\/\/i0.wp.com\/www.bdpcenter.com\/wp-content\/uploads\/2025\/03\/todo_sobre_verifactu_3.jpg?ssl=1\" alt=\"\"\/><\/figure>\n\n\n\n<figure class=\"wp-block-image\"><img data-recalc-dims=\"1\" decoding=\"async\" src=\"https:\/\/i0.wp.com\/www.bdpcenter.com\/wp-content\/uploads\/2025\/03\/todo_sobre_verifactu_4.jpg?ssl=1\" alt=\"\"\/><\/figure>\n\n\n\n<h2 class=\"wp-block-heading\">\u00bfQui\u00e9n tiene obligaci\u00f3n de cumplir la normativa Veri*Factu?<\/h2>\n\n\n\n<p class=\"\">La normativa indica muy claramente que toda aquella empresa que emita&nbsp;<strong>facturas<\/strong>&nbsp;en alg\u00fan momento y en alg\u00fan tipo de tecnolog\u00eda digital (PCs, Tpvs, Registradoras, Excel,etc.) tiene la obligaci\u00f3n de cumplir dicha normativa.<\/p>\n\n\n\n<p class=\"\">Existen casos que est\u00e1n exentos de aplicar esta normativa, entre ellos est\u00e1n las empresas de Euskadi, que ya est\u00e1n aplicando la normativa TicketBai (parecida a<strong>Veri*Factu<\/strong>).<\/p>\n\n\n\n<p class=\"\">Tambi\u00e9n est\u00e1n exentas las empresas que env\u00edan sus&nbsp;<strong>facturas<\/strong>&nbsp;a la AEAT a trav\u00e9s del Sistema de Informaci\u00f3n Inmediata (SII), los residentes fiscales de la Comunidad Foral de Navarra, que dispone de Concierto Econ\u00f3mico propio y finalmente, casos concretos en los que la Administraci\u00f3n y el Gobierno de Espa\u00f1a les aplique alg\u00fan tipo de exenci\u00f3n determinada.<\/p>\n\n\n\n<p class=\"\">Tambi\u00e9n est\u00e1n exentas de esta normativa aquellas peque\u00f1as empresas que no utilizan ning\u00fan tipo de sistema electr\u00f3nico ni digital para emitir&nbsp;<strong>facturas<\/strong>&nbsp;y que las realizan manualmente en papel.<\/p>\n\n\n\n<figure class=\"wp-block-image\"><img data-recalc-dims=\"1\" decoding=\"async\" src=\"https:\/\/i0.wp.com\/www.bdpcenter.com\/wp-content\/uploads\/2025\/03\/todo_sobre_verifactu_8.jpg?ssl=1\" alt=\"\"\/><\/figure>\n\n\n\n<figure class=\"wp-block-image\"><img data-recalc-dims=\"1\" decoding=\"async\" src=\"https:\/\/i0.wp.com\/www.bdpcenter.com\/wp-content\/uploads\/2025\/03\/todo_sobre_verifactu_9.jpg?ssl=1\" alt=\"\"\/><\/figure>\n\n\n\n<h2 class=\"wp-block-heading\">\u00bfLos contribuyentes acogidos al sistema fiscal de M\u00f3dulos tienen la misma obligaci\u00f3n?<\/h2>\n\n\n\n<p class=\"\">En primer lugar, comentar que todos los indicios parecen apuntar a que el sistema de m\u00f3dulos ser\u00e1 sustituido por el nuevo sistema de franquicias, m\u00e1s pr\u00f3ximo a los sistemas que rigen en la Uni\u00f3n Europea.<\/p>\n\n\n\n<p class=\"\">Dicho esto, hay que comentar que la normativa no alude a este caso en concreto de sistema fiscal, pero en muchas ocasiones, estas empresas tendr\u00e1n que emitir facturas debidamente cumplimentadas e identificadas porque sus clientes se las demandan para su posterior desgravaci\u00f3n y posiblemente, emitidas mediante un ordenador o registradora y aqu\u00ed la normativa indica claramente que toda factura que se emita en estas condiciones tiene que gestionarse mediante el sistema&nbsp;<strong>Veri*Factu<\/strong>.<\/p>\n\n\n\n<h2 class=\"wp-block-heading\">\u00bfC\u00f3mo saber que el software que se adquiere es conforme a la normativa Veri*Factu?<\/h2>\n\n\n\n<p class=\"\">Como hemos dicho al principio del documento, ninguna empresa a partir del 29\/07\/2025, puede comercializar su software si no cumple con las normativas&nbsp;<strong>Veri*Factu<\/strong>&nbsp;y por supuesto, es la \u00fanica responsable de que se cumpla correctamente.<\/p>\n\n\n\n<p class=\"\">Muchas empresas que fabrican software de gesti\u00f3n y emisi\u00f3n de facturas presumen de que su software est\u00e1 &#8220;Homologado&#8221;, no siendo esto exactamente correcto.<\/p>\n\n\n\n<p class=\"\">La AEAT no tiene previsto homologar ning\u00fan tipo de software, siendo este proceso sustituido por una &#8220;Declaraci\u00f3n Responsable&#8221; que emitir\u00e1 la propia empresa del software en la que indica que dicho software cumple correctamente con esta normativa y se hace responsable de su buen funcionamiento, tanto t\u00e9cnico como legal, para evitar el fraude fiscal.<\/p>\n\n\n\n<p class=\"\">Esta Declaraci\u00f3n Responsable tiene que estar incorporada en el programa de facturaci\u00f3n y tiene que ser visible para que el usuario y los responsables gubernamentales puedan consultarlo en cualquier momento para su verificaci\u00f3n. Tiene que estar actualizado y disponible en todas las versiones iniciales y posteriores del software.<\/p>\n\n\n\n<p class=\"\"><img data-recalc-dims=\"1\" decoding=\"async\" src=\"https:\/\/i0.wp.com\/www.bdpcenter.com\/wp-content\/uploads\/2025\/03\/todo_sobre_verifactu_7.jpg?ssl=1\"><\/p>\n\n\n\n<h2 class=\"wp-block-heading\">\u00bfQu\u00e9 ventaja aporta utilizar este sistema?<\/h2>\n\n\n\n<ul class=\"wp-block-list\">\n<li class=\"\">La\u00a0<strong>tranquilidad fiscal<\/strong>, ya que el env\u00edo de las facturas a la AEAT implica que esta ya las tiene en sus servidores y minimiza la responsabilidad de archivo de dichas facturas para su comprobaci\u00f3n en caso de inspecci\u00f3n o control tributario, aunque dicho almacenamiento no se pueda omitir por parte del contribuyente.<\/li>\n\n\n\n<li class=\"\">La\u00a0<strong>imagen de transparencia, legalidad y seriedad<\/strong>\u00a0que podemos dar a los clientes de los establecimientos, ya que podr\u00e1n comprobar la validez de las facturas y as\u00ed omitir la sensaci\u00f3n de &#8220;picaresca&#8221; que algunas otras empresas puedan generar, aumentando as\u00ed la confianza en los establecimientos que cumplan esta normativa.<\/li>\n\n\n\n<li class=\"\"><strong>Mejora de la digitalizaci\u00f3n de los procesos de facturaci\u00f3n<\/strong>\u00a0para su posterior gesti\u00f3n administrativa y contable, mejorando considerablemente nuestra comunicaci\u00f3n con la AEAT, por tener esta ya nuestros datos, como hemos indicado en el punto anterior, disminuyendo as\u00ed el riesgo de tener inspecciones tributarias.<\/li>\n<\/ul>\n\n\n\n<h2 class=\"wp-block-heading\">\u00bfHay alg\u00fan tipo de subvenci\u00f3n para esta nueva normativa?<\/h2>\n\n\n\n<p class=\"\">A fecha de este escrito, no tenemos conocimiento de que el Gobierno haya publicado ning\u00fan tipo de subvenci\u00f3n ni bonificaci\u00f3n para la aplicaci\u00f3n de esta nueva normativa.<\/p>\n\n\n\n<p class=\"\">Debemos recordar que existe un tipo de ayuda, que se llama Kit Digital, que depende del Gobierno Espa\u00f1ol, mediante el cual podemos financiar esta adaptaci\u00f3n fiscal teniendo en cuenta el tipo de gasto que se tenga que producir.<\/p>\n\n\n\n<p class=\"\"><img data-recalc-dims=\"1\" decoding=\"async\" src=\"https:\/\/i0.wp.com\/www.bdpcenter.com\/wp-content\/uploads\/2025\/03\/todo_sobre_verifactu_6.jpg?ssl=1\"><\/p>\n\n\n\n<h2 class=\"wp-block-heading\">\u00bfNuestros Software cumplir\u00e1n con todos los requisitos explicados anteriormente?<\/h2>\n\n\n\n<p class=\"\">Nuestros software ya cumple en estos momentos con toda la normativa TicketBai de Euskadi y con la parte correspondiente a la emisi\u00f3n de facturas del Sistema de Informaci\u00f3n Inmediata (SII) para empresas con m\u00e1s de 6 millones de euros de facturaci\u00f3n anual.<\/p>\n\n\n\n<p class=\"\">Cuando la Administraci\u00f3n ponga en vigor las diferentes fechas para las obligaciones y etapas de la normativa Veri*Factu,\u00a0<strong>nuestros programas estar\u00e1n totalmente adaptados a la normativa Veri*Factu<\/strong>, siempre que se utilice la \u00faltima versi\u00f3n disponible. <\/p>\n\n\n\n<h2 class=\"wp-block-heading\">\u00bfPor qu\u00e9 elegirnos para adaptar su empresa a Veri*Factu?<\/h2>\n\n\n\n<p class=\"\">Huelva Digital tiene una amplia experiencia de\u00a0<strong>25 a\u00f1os<\/strong>\u00a0en la implantaci\u00f3n de software de gesti\u00f3n y facturaci\u00f3n para puntos de venta en diferentes tipos de negocio. Durante estos a\u00f1os, hemos instalado m\u00e1s miles de licencias en Huelva, Sevilla, C\u00e1diz y el Algarve Portugu\u00e9s , siendo una de las empresas l\u00edderes del sector.<\/p>\n\n\n\n<p class=\"\">En estos a\u00f1os, la Administraci\u00f3n ha aprobado diferentes normas administrativas y tributarias y&nbsp;<strong>siempre nos hemos adaptado y cumplido con dichas normas en tiempo, responsabilidad y eficacia.<\/strong><\/p>\n\n\n\n<p class=\"\">Todo nuestro parque de clientes nos obliga a estar al d\u00eda y a ser los mejores en todos los aspectos:<\/p>\n\n\n\n<ul class=\"wp-block-list\">\n<li class=\"\">Tecnolog\u00eda<\/li>\n\n\n\n<li class=\"\">Versatilidad<\/li>\n\n\n\n<li class=\"\">Opciones de uso para el cliente<\/li>\n\n\n\n<li class=\"\">Constante evoluci\u00f3n<\/li>\n\n\n\n<li class=\"\">Servicio<\/li>\n\n\n\n<li class=\"\">Responsabilidad<\/li>\n<\/ul>\n\n\n\n<p class=\"\">Y por supuesto, cumplimiento con todas las normativas fiscales. Si desea obtener m\u00e1s informaci\u00f3n sobre esta normativa, puede ponerse en contacto con nosotros en el <strong>959 223 671 o en comercial@huelvadigital.com<\/strong>.<\/p>\n","protected":false},"excerpt":{"rendered":"<p>Todo sobre Veri*Factu \u00bfQu\u00e9 es Veri*Factu? Veri*Factu&nbsp;es una normativa fiscal que desarrolla parte de la Ley 11\/2021, conocida como&nbsp;Ley Antifraude, para luchar contra el fraude fiscal. Esta normativa ser\u00e1 de obligatoriedad para la pr\u00e1ctica totalidad de empresas espa\u00f1olas y la tendr\u00e1n que cumplir t\u00e9cnicamente todos los&nbsp;softwares&nbsp;del mercado, excepto los de Euskadi y Navarra que emitan [&hellip;]<\/p>\n","protected":false},"author":1,"featured_media":0,"parent":0,"menu_order":0,"comment_status":"closed","ping_status":"closed","template":"","meta":{"nf_dc_page":"","footnotes":""},"class_list":["post-777","page","type-page","status-publish","hentry"],"jetpack_sharing_enabled":true,"_links":{"self":[{"href":"https:\/\/huelvadigital.com\/pweb\/wp-json\/wp\/v2\/pages\/777","targetHints":{"allow":["GET"]}}],"collection":[{"href":"https:\/\/huelvadigital.com\/pweb\/wp-json\/wp\/v2\/pages"}],"about":[{"href":"https:\/\/huelvadigital.com\/pweb\/wp-json\/wp\/v2\/types\/page"}],"author":[{"embeddable":true,"href":"https:\/\/huelvadigital.com\/pweb\/wp-json\/wp\/v2\/users\/1"}],"replies":[{"embeddable":true,"href":"https:\/\/huelvadigital.com\/pweb\/wp-json\/wp\/v2\/comments?post=777"}],"version-history":[{"count":1,"href":"https:\/\/huelvadigital.com\/pweb\/wp-json\/wp\/v2\/pages\/777\/revisions"}],"predecessor-version":[{"id":778,"href":"https:\/\/huelvadigital.com\/pweb\/wp-json\/wp\/v2\/pages\/777\/revisions\/778"}],"wp:attachment":[{"href":"https:\/\/huelvadigital.com\/pweb\/wp-json\/wp\/v2\/media?parent=777"}],"curies":[{"name":"wp","href":"https:\/\/api.w.org\/{rel}","templated":true}]}}