{"id":73,"date":"2023-03-14T08:38:37","date_gmt":"2023-03-14T08:38:37","guid":{"rendered":"https:\/\/huelvadigital.com\/pweb\/?page_id=73"},"modified":"2023-04-17T08:39:17","modified_gmt":"2023-04-17T08:39:17","slug":"pesaje-comercial-2","status":"publish","type":"page","link":"https:\/\/huelvadigital.com\/pweb\/pesaje-comercial-2\/","title":{"rendered":"Pesaje Comercial"},"content":{"rendered":"\n<div class=\"wp-block-cover alignfull\" style=\"min-height:459px;aspect-ratio:unset;\"><span aria-hidden=\"true\" class=\"wp-block-cover__background has-background-dim\"><\/span><img data-recalc-dims=\"1\" loading=\"lazy\" decoding=\"async\" width=\"1600\" height=\"1200\" class=\"wp-block-cover__image-background wp-image-257\" alt=\"\" src=\"https:\/\/i0.wp.com\/huelvadigital.com\/pweb\/wp-content\/uploads\/2023\/04\/WhatsApp-Image-2023-03-14-at-17.44.33.jpeg?resize=1600%2C1200&#038;ssl=1\" style=\"object-position:47% 41%\" data-object-fit=\"cover\" data-object-position=\"47% 41%\" srcset=\"https:\/\/i0.wp.com\/huelvadigital.com\/pweb\/wp-content\/uploads\/2023\/04\/WhatsApp-Image-2023-03-14-at-17.44.33.jpeg?w=1600&amp;ssl=1 1600w, https:\/\/i0.wp.com\/huelvadigital.com\/pweb\/wp-content\/uploads\/2023\/04\/WhatsApp-Image-2023-03-14-at-17.44.33.jpeg?resize=300%2C225&amp;ssl=1 300w, https:\/\/i0.wp.com\/huelvadigital.com\/pweb\/wp-content\/uploads\/2023\/04\/WhatsApp-Image-2023-03-14-at-17.44.33.jpeg?resize=1024%2C768&amp;ssl=1 1024w, https:\/\/i0.wp.com\/huelvadigital.com\/pweb\/wp-content\/uploads\/2023\/04\/WhatsApp-Image-2023-03-14-at-17.44.33.jpeg?resize=768%2C576&amp;ssl=1 768w, https:\/\/i0.wp.com\/huelvadigital.com\/pweb\/wp-content\/uploads\/2023\/04\/WhatsApp-Image-2023-03-14-at-17.44.33.jpeg?resize=1536%2C1152&amp;ssl=1 1536w\" sizes=\"auto, (max-width: 1000px) 100vw, 1000px\" \/><div class=\"wp-block-cover__inner-container is-layout-flow wp-block-cover-is-layout-flow\">\n<p class=\"has-text-align-center has-x-large-font-size\">SOLUCIONES DE PESAJE PARA COMERCIO<\/p>\n<\/div><\/div>\n\n\n\n<p class=\"has-text-align-center\">Desde la peque\u00f1a tienda de barrio, hasta cadenas de supermercados, en Huelva Digital, Venta y reparaci\u00f3n de Balanzas y basculas en Huelva, hemos trabajado durante 25 a\u00f1os cada d\u00eda para que su negocio funcione al m\u00e1ximo nivel. En nuestra divisi\u00f3n de pesaje comercial contamos desde balanzas  PC, hasta la balanza de solo peso, pasando por balanzas etiquetadora y un largo etc. Todas herramientas esenciales en cualquier negocio que trabaje con art\u00edculos pesados <\/p>\n\n\n\n<div class=\"wp-block-cover alignfull is-light aploanim scalein \"><span aria-hidden=\"true\" class=\"wp-block-cover__background has-background-dim\"><\/span><img data-recalc-dims=\"1\" loading=\"lazy\" decoding=\"async\" width=\"1600\" height=\"1194\" class=\"wp-block-cover__image-background wp-image-286\" alt=\"\" src=\"https:\/\/i0.wp.com\/huelvadigital.com\/pweb\/wp-content\/uploads\/2023\/04\/sistema-all_connected-dibal.jpg?resize=1600%2C1194&#038;ssl=1\" data-object-fit=\"cover\" srcset=\"https:\/\/i0.wp.com\/huelvadigital.com\/pweb\/wp-content\/uploads\/2023\/04\/sistema-all_connected-dibal.jpg?w=1600&amp;ssl=1 1600w, https:\/\/i0.wp.com\/huelvadigital.com\/pweb\/wp-content\/uploads\/2023\/04\/sistema-all_connected-dibal.jpg?resize=300%2C224&amp;ssl=1 300w, https:\/\/i0.wp.com\/huelvadigital.com\/pweb\/wp-content\/uploads\/2023\/04\/sistema-all_connected-dibal.jpg?resize=1024%2C764&amp;ssl=1 1024w, https:\/\/i0.wp.com\/huelvadigital.com\/pweb\/wp-content\/uploads\/2023\/04\/sistema-all_connected-dibal.jpg?resize=768%2C573&amp;ssl=1 768w, https:\/\/i0.wp.com\/huelvadigital.com\/pweb\/wp-content\/uploads\/2023\/04\/sistema-all_connected-dibal.jpg?resize=1536%2C1146&amp;ssl=1 1536w\" sizes=\"auto, (max-width: 1000px) 100vw, 1000px\" \/><div class=\"wp-block-cover__inner-container is-layout-flow wp-block-cover-is-layout-flow\">\n<p class=\"has-text-align-center has-hf-contrast-color has-text-color has-x-large-font-size\">BALANZA PC \/ ALL CONNECTED<\/p>\n<\/div><\/div>\n\n\n\n<p class=\"has-text-align-center\">La <a href=\"https:\/\/www.dibal.com\/es\/balanzas-PC-para-mostrador-serie-cs-2100\" target=\"_blank\" rel=\"noreferrer noopener\">Balanza PC<\/a> ha sido un salto en el mundo de la balanza como lo conoc\u00edamos hace diez a\u00f1os atr\u00e1s. La balanza PC sigue teniendo la filosof\u00eda de la balanza tradicional pero con apariencia renovada y muchas mas caracter\u00edsticas para exprimir nuestro negocio.<\/p>\n\n\n\n<p class=\"has-text-align-center\">La balanza PC no es solo una balanza, se treta de un hibrido entre balanza y TPV, todo unido funcionando en la misma maquina. Adem\u00e1s con los diferentes servicios que nos puede prestar un punto de venta, como por ejemplo pantalla de cliente, su turno integrado, integraciones con<a href=\"https:\/\/huelvadigital.com\/pweb\/cajones-de-cobro\/\" target=\"_blank\" rel=\"noreferrer noopener\"> cajones de cobro<\/a>, administraci\u00f3n remota de precios, stock&#8230; etc.<\/p>\n\n\n\n<p class=\"\">La balanza pc es la balanza del futuro, cada vez mas implantada sustituyendo a la balanza tradicional.<\/p>\n\n\n\n<div class=\"wp-block-cover alignfull is-light is-repeated is-style-default has-small-font-size aploanim txtexpandin \" style=\"padding-top:0;padding-right:0;padding-bottom:0;padding-left:0;min-height:612px;aspect-ratio:unset;\"><span aria-hidden=\"true\" class=\"wp-block-cover__background has-background-dim\"><\/span><div role=\"img\" class=\"wp-block-cover__image-background wp-image-296 is-repeated\" style=\"background-position:50% 50%;background-image:url(https:\/\/huelvadigital.com\/pweb\/wp-content\/uploads\/2023\/04\/FONDOTIENDA-NUEVA2-2.jpg)\"><\/div><div class=\"wp-block-cover__inner-container is-layout-flow wp-block-cover-is-layout-flow\">\n<p class=\"has-text-align-center has-hf-contrast-color has-text-color has-x-large-font-size aploanim fadein \">COLGANTES Y DE MOSTRADOR<\/p>\n<\/div><\/div>\n\n\n\n<p class=\"has-text-align-center\">La balanza tiene que adaptarse a su negocio, debe ser una herramienta r\u00e1pida y eficaz.  Lo mejor para eso dos factores es la buena ubicaci\u00f3n de la misma. En Huelva Digital, Venta y reparaci\u00f3n de Balanzas y basculas en Huelva, contamos con diferentes modelos para buscar esa adaptaci\u00f3n a su negocio, colgantes, de mostrador, de doble cuerpo o con  torre, sea cual sea su necesidad nosotros la tenemos.<\/p>\n\n\n\n<div class=\"wp-block-cover alignfull is-light aploanim fadein \"><span aria-hidden=\"true\" class=\"wp-block-cover__background has-background-dim\"><\/span><img data-recalc-dims=\"1\" loading=\"lazy\" decoding=\"async\" width=\"1920\" height=\"460\" class=\"wp-block-cover__image-background wp-image-303\" alt=\"\" src=\"https:\/\/i0.wp.com\/huelvadigital.com\/pweb\/wp-content\/uploads\/2023\/04\/uploads_images_paginas_baxtran-balanzas-y-basculas_1920x460_c_banner-comp-2500px-6je.png?resize=1920%2C460&#038;ssl=1\" data-object-fit=\"cover\" srcset=\"https:\/\/i0.wp.com\/huelvadigital.com\/pweb\/wp-content\/uploads\/2023\/04\/uploads_images_paginas_baxtran-balanzas-y-basculas_1920x460_c_banner-comp-2500px-6je.png?w=1920&amp;ssl=1 1920w, https:\/\/i0.wp.com\/huelvadigital.com\/pweb\/wp-content\/uploads\/2023\/04\/uploads_images_paginas_baxtran-balanzas-y-basculas_1920x460_c_banner-comp-2500px-6je.png?resize=300%2C72&amp;ssl=1 300w, https:\/\/i0.wp.com\/huelvadigital.com\/pweb\/wp-content\/uploads\/2023\/04\/uploads_images_paginas_baxtran-balanzas-y-basculas_1920x460_c_banner-comp-2500px-6je.png?resize=1024%2C245&amp;ssl=1 1024w, https:\/\/i0.wp.com\/huelvadigital.com\/pweb\/wp-content\/uploads\/2023\/04\/uploads_images_paginas_baxtran-balanzas-y-basculas_1920x460_c_banner-comp-2500px-6je.png?resize=768%2C184&amp;ssl=1 768w, https:\/\/i0.wp.com\/huelvadigital.com\/pweb\/wp-content\/uploads\/2023\/04\/uploads_images_paginas_baxtran-balanzas-y-basculas_1920x460_c_banner-comp-2500px-6je.png?resize=1536%2C368&amp;ssl=1 1536w\" sizes=\"auto, (max-width: 1000px) 100vw, 1000px\" \/><div class=\"wp-block-cover__inner-container is-layout-flow wp-block-cover-is-layout-flow\">\n<p class=\"has-text-align-center has-hf-contrast-color has-text-color has-x-large-font-size\">Solo peso \/ Peso, Precio Importe<\/p>\n<\/div><\/div>\n\n\n\n<p class=\"has-text-align-center\">La balanza adem\u00e1s de una herramienta de venta tambi\u00e9n puede ser una herramienta de trabajo interno, para eso, en Huelva Digital contamos con amplia gama de balanzas para uso interno, aunque tambi\u00e9n es posible utilizar para peso final siempre que contenga el sello de homologaci\u00f3n. <\/p>\n\n\n\n<p class=\"has-text-align-center\">No lo dude, estamos para asesorarle y aconsejarle en su compra, no se la juegue y acuda a un profesional del pesaje.<\/p>\n","protected":false},"excerpt":{"rendered":"<p>Desde la peque\u00f1a tienda de barrio, hasta cadenas de supermercados, en Huelva Digital, Venta y reparaci\u00f3n de Balanzas y basculas en Huelva, hemos trabajado durante 25 a\u00f1os cada d\u00eda para que su negocio funcione al m\u00e1ximo nivel. En nuestra divisi\u00f3n de pesaje comercial contamos desde balanzas PC, hasta la balanza de solo peso, pasando por [&hellip;]<\/p>\n","protected":false},"author":1,"featured_media":0,"parent":0,"menu_order":0,"comment_status":"closed","ping_status":"closed","template":"","meta":{"nf_dc_page":"","footnotes":""},"class_list":["post-73","page","type-page","status-publish","hentry"],"jetpack_sharing_enabled":true,"_links":{"self":[{"href":"https:\/\/huelvadigital.com\/pweb\/wp-json\/wp\/v2\/pages\/73","targetHints":{"allow":["GET"]}}],"collection":[{"href":"https:\/\/huelvadigital.com\/pweb\/wp-json\/wp\/v2\/pages"}],"about":[{"href":"https:\/\/huelvadigital.com\/pweb\/wp-json\/wp\/v2\/types\/page"}],"author":[{"embeddable":true,"href":"https:\/\/huelvadigital.com\/pweb\/wp-json\/wp\/v2\/users\/1"}],"replies":[{"embeddable":true,"href":"https:\/\/huelvadigital.com\/pweb\/wp-json\/wp\/v2\/comments?post=73"}],"version-history":[{"count":15,"href":"https:\/\/huelvadigital.com\/pweb\/wp-json\/wp\/v2\/pages\/73\/revisions"}],"predecessor-version":[{"id":456,"href":"https:\/\/huelvadigital.com\/pweb\/wp-json\/wp\/v2\/pages\/73\/revisions\/456"}],"wp:attachment":[{"href":"https:\/\/huelvadigital.com\/pweb\/wp-json\/wp\/v2\/media?parent=73"}],"curies":[{"name":"wp","href":"https:\/\/api.w.org\/{rel}","templated":true}]}}