{"id":68,"date":"2023-03-14T08:36:00","date_gmt":"2023-03-14T08:36:00","guid":{"rendered":"https:\/\/huelvadigital.com\/pweb\/?page_id=68"},"modified":"2023-12-15T08:41:47","modified_gmt":"2023-12-15T08:41:47","slug":"cajones-de-cobro","status":"publish","type":"page","link":"https:\/\/huelvadigital.com\/pweb\/cajones-de-cobro\/","title":{"rendered":"Sistemas de control de efectivo"},"content":{"rendered":"\n<div class=\"wp-block-cover alignfull is-light\" style=\"min-height:491px;aspect-ratio:unset;\"><span aria-hidden=\"true\" class=\"wp-block-cover__background has-background-dim\"><\/span><img data-recalc-dims=\"1\" loading=\"lazy\" decoding=\"async\" width=\"2016\" height=\"1512\" class=\"wp-block-cover__image-background wp-image-228\" alt=\"\" src=\"https:\/\/i0.wp.com\/huelvadigital.com\/pweb\/wp-content\/uploads\/2023\/04\/LAPINTA2.jpg?resize=2016%2C1512&#038;ssl=1\" data-object-fit=\"cover\" srcset=\"https:\/\/i0.wp.com\/huelvadigital.com\/pweb\/wp-content\/uploads\/2023\/04\/LAPINTA2.jpg?w=2016&amp;ssl=1 2016w, https:\/\/i0.wp.com\/huelvadigital.com\/pweb\/wp-content\/uploads\/2023\/04\/LAPINTA2.jpg?resize=300%2C225&amp;ssl=1 300w, https:\/\/i0.wp.com\/huelvadigital.com\/pweb\/wp-content\/uploads\/2023\/04\/LAPINTA2.jpg?resize=1024%2C768&amp;ssl=1 1024w, https:\/\/i0.wp.com\/huelvadigital.com\/pweb\/wp-content\/uploads\/2023\/04\/LAPINTA2.jpg?resize=768%2C576&amp;ssl=1 768w, https:\/\/i0.wp.com\/huelvadigital.com\/pweb\/wp-content\/uploads\/2023\/04\/LAPINTA2.jpg?resize=1536%2C1152&amp;ssl=1 1536w\" sizes=\"auto, (max-width: 1000px) 100vw, 1000px\" \/><div class=\"wp-block-cover__inner-container is-layout-flow wp-block-cover-is-layout-flow\">\n<p class=\"has-text-align-center has-hf-contrast-color has-text-color has-x-large-font-size\">Cajones de cobros \/ Gesti\u00f3n de efectico<\/p>\n<\/div><\/div>\n\n\n\n<h4 class=\"wp-block-heading alignwide has-text-align-center\" style=\"font-size:clamp(16.834px, 1.052rem + ((1vw - 3.2px) * 1.042), 26px);\">\u00bfCansad@ de descuadres de <a href=\"https:\/\/huelvadigital.com\/pweb\/tpv\/\" target=\"_blank\" rel=\"noreferrer noopener\">caja<\/a>?, \u00bfCansad@ de vigilar su dinero?, \u00bfQuiere su caja siempre cuadrada?<\/h4>\n\n\n\n<p class=\"has-text-align-center\" style=\"font-size:clamp(0.929rem, 0.929rem + ((1vw - 0.2rem) * 0.856), 1.4rem);\">Con el paso del tiempo la tecnolog\u00eda nos ha hecho mas libre, incluso con una cosa tan delicada como el dinero, los sistemas de gesti\u00f3n de efectivo o los llamados Cajones de cobros \/ Gesti\u00f3n de efectico, son un nuevo avance  en el mercado para todo aquel negocio que utilice el efectivo, desde una peque\u00f1a tienda de barrio, hasta una gran superficie, desde una farmacia a un estanco, bares y restaurantes. Y donde la higiene es mas importante y la manipulaci\u00f3n de dinero debe ser la m\u00ednima, carnicer\u00edas, pescader\u00edas, fruter\u00edas, panader\u00edas y un largo etc., ya que el efectivo convive en casi todos los negocios del mundo.<\/p>\n\n\n\n<div class=\"wp-block-cover alignfull is-light has-x-large-font-size\" style=\"min-height:489px;aspect-ratio:unset;\"><span aria-hidden=\"true\" class=\"wp-block-cover__background has-background-dim\"><\/span><img data-recalc-dims=\"1\" loading=\"lazy\" decoding=\"async\" width=\"1600\" height=\"1200\" class=\"wp-block-cover__image-background wp-image-132\" alt=\"\" src=\"https:\/\/i0.wp.com\/huelvadigital.com\/pweb\/wp-content\/uploads\/2023\/03\/WhatsApp-Image-2023-03-14-at-17.44.32.jpeg?resize=1600%2C1200&#038;ssl=1\" style=\"object-position:41% 78%\" data-object-fit=\"cover\" data-object-position=\"41% 78%\" srcset=\"https:\/\/i0.wp.com\/huelvadigital.com\/pweb\/wp-content\/uploads\/2023\/03\/WhatsApp-Image-2023-03-14-at-17.44.32.jpeg?w=1600&amp;ssl=1 1600w, https:\/\/i0.wp.com\/huelvadigital.com\/pweb\/wp-content\/uploads\/2023\/03\/WhatsApp-Image-2023-03-14-at-17.44.32.jpeg?resize=300%2C225&amp;ssl=1 300w, https:\/\/i0.wp.com\/huelvadigital.com\/pweb\/wp-content\/uploads\/2023\/03\/WhatsApp-Image-2023-03-14-at-17.44.32.jpeg?resize=1024%2C768&amp;ssl=1 1024w, https:\/\/i0.wp.com\/huelvadigital.com\/pweb\/wp-content\/uploads\/2023\/03\/WhatsApp-Image-2023-03-14-at-17.44.32.jpeg?resize=768%2C576&amp;ssl=1 768w, https:\/\/i0.wp.com\/huelvadigital.com\/pweb\/wp-content\/uploads\/2023\/03\/WhatsApp-Image-2023-03-14-at-17.44.32.jpeg?resize=1536%2C1152&amp;ssl=1 1536w\" sizes=\"auto, (max-width: 1000px) 100vw, 1000px\" \/><div class=\"wp-block-cover__inner-container is-layout-flow wp-block-cover-is-layout-flow\">\n<p class=\"has-text-align-center has-hf-contrast-color has-text-color has-x-large-font-size\">LIMPIEZA &#8211; SEGURIDAD &#8211; RENTABILIDAD &#8211; RAPIDEZ<\/p>\n<\/div><\/div>\n\n\n\n<div class=\"wp-block-group alignwide has-medium-font-size has-global-padding is-layout-constrained wp-container-core-group-is-layout-85d3817a wp-block-group-is-layout-constrained\" style=\"padding-top:0;padding-right:0;padding-bottom:0;padding-left:0\">\n<div class=\"wp-block-columns is-layout-flex wp-container-core-columns-is-layout-28f84493 wp-block-columns-is-layout-flex\">\n<div class=\"wp-block-column has-primary-background-color has-background is-layout-flow wp-block-column-is-layout-flow\">\n<h3 class=\"wp-block-heading has-text-align-center\">RAPIDEZ<\/h3>\n\n\n\n<p class=\"has-text-align-center\">Esta demostrado que un sistema de control de efectivo es mas r\u00e1pido que un hombre calculando, es decir ganamos rapidez en el servicio al cliente.<\/p>\n<\/div>\n\n\n\n<div class=\"wp-block-column has-primary-background-color has-background is-layout-flow wp-block-column-is-layout-flow\">\n<h3 class=\"wp-block-heading has-text-align-center\">RENTABILIDA<\/h3>\n\n\n\n<p class=\"has-text-align-center\">La inversi\u00f3n que nuestro negocio debe afrontar para implantar este sistema tiene un retorno de un a\u00f1o, a partir de ah\u00ed, cada d\u00eda, rentabilidad al 100%.<\/p>\n<\/div>\n\n\n\n<div class=\"wp-block-column has-primary-background-color has-background is-layout-flow wp-block-column-is-layout-flow\">\n<h3 class=\"wp-block-heading has-text-align-center\">SEGURIDAD<\/h3>\n\n\n\n<p class=\"has-text-align-center\">Cuentan con un anclado que los cataloga de caja fuerte, es pr\u00e1cticamente imposible substraerlo del negocio y acceder a el dinero, si no eres el propietario.<\/p>\n<\/div>\n\n\n\n<div class=\"wp-block-column has-primary-background-color has-background is-layout-flow wp-block-column-is-layout-flow\">\n<h3 class=\"wp-block-heading has-text-align-center\">LIMPIEZA<\/h3>\n\n\n\n<p class=\"has-text-align-center\">Cuando se trabaja con alimentos y efectivo hay que prestar mucha atenci\u00f3n, con el sistema de cobro no tendr\u00e1 que tocar el efectivo, el cliente lo inserta.<\/p>\n<\/div>\n<\/div>\n<\/div>\n\n\n\n<div class=\"wp-block-cover alignfull is-light\" style=\"min-height:524px;aspect-ratio:unset;\"><span aria-hidden=\"true\" class=\"wp-block-cover__background has-background-dim\"><\/span><img data-recalc-dims=\"1\" loading=\"lazy\" decoding=\"async\" width=\"1200\" height=\"1600\" class=\"wp-block-cover__image-background wp-image-253\" alt=\"\" src=\"https:\/\/i0.wp.com\/huelvadigital.com\/pweb\/wp-content\/uploads\/2023\/04\/cash2.jpg?resize=1200%2C1600&#038;ssl=1\" data-object-fit=\"cover\" srcset=\"https:\/\/i0.wp.com\/huelvadigital.com\/pweb\/wp-content\/uploads\/2023\/04\/cash2.jpg?w=1200&amp;ssl=1 1200w, https:\/\/i0.wp.com\/huelvadigital.com\/pweb\/wp-content\/uploads\/2023\/04\/cash2.jpg?resize=225%2C300&amp;ssl=1 225w, https:\/\/i0.wp.com\/huelvadigital.com\/pweb\/wp-content\/uploads\/2023\/04\/cash2.jpg?resize=768%2C1024&amp;ssl=1 768w, https:\/\/i0.wp.com\/huelvadigital.com\/pweb\/wp-content\/uploads\/2023\/04\/cash2.jpg?resize=1152%2C1536&amp;ssl=1 1152w\" sizes=\"auto, (max-width: 1000px) 100vw, 1000px\" \/><div class=\"wp-block-cover__inner-container is-layout-flow wp-block-cover-is-layout-flow\">\n<p class=\"has-text-align-center has-hf-contrast-color has-text-color has-x-large-font-size\">FINANCIACION A TU MEDIDA CON MANTENIMIENTOS<\/p>\n\n\n\n<p class=\"\"><\/p>\n<\/div><\/div>\n\n\n\n<div class=\"wp-block-columns is-layout-flex wp-container-core-columns-is-layout-28f84493 wp-block-columns-is-layout-flex\">\n<div class=\"wp-block-column has-large-font-size aploanim txtblurexpandin is-layout-flow wp-container-core-column-is-layout-a77db08e wp-block-column-is-layout-flow\">\n<figure class=\"wp-embed-aspect-16-9 wp-has-aspect-ratio wp-block-embed is-type-video is-provider-youtube wp-block-embed-youtube\"><div class=\"wp-block-embed__wrapper\">\n<iframe loading=\"lazy\" title=\"Cashlogy, Exquisite technology\" width=\"500\" height=\"281\" src=\"https:\/\/www.youtube.com\/embed\/slNyWNy-ofE?feature=oembed\" frameborder=\"0\" allow=\"accelerometer; autoplay; clipboard-write; encrypted-media; gyroscope; picture-in-picture; web-share\" referrerpolicy=\"strict-origin-when-cross-origin\" allowfullscreen><\/iframe>\n<\/div><\/figure>\n<\/div>\n\n\n\n<div class=\"wp-block-column has-large-font-size aploanim txtblurexpandin is-layout-flow wp-container-core-column-is-layout-a77db08e wp-block-column-is-layout-flow\">\n<figure class=\"wp-embed-aspect-16-9 wp-has-aspect-ratio wp-block-embed is-type-video is-provider-youtube wp-block-embed-youtube\"><div class=\"wp-block-embed__wrapper\">\n<iframe loading=\"lazy\" title=\"CashProtect, su sistema de gesti\u00f3n de efectivo | CashProtect\" width=\"500\" height=\"281\" src=\"https:\/\/www.youtube.com\/embed\/k8Ps62gehas?feature=oembed\" frameborder=\"0\" allow=\"accelerometer; autoplay; clipboard-write; encrypted-media; gyroscope; picture-in-picture; web-share\" referrerpolicy=\"strict-origin-when-cross-origin\" allowfullscreen><\/iframe>\n<\/div><\/figure>\n<\/div>\n<\/div>\n\n\n\n<p class=\"has-text-align-center\" style=\"font-size:clamp(0.929rem, 0.929rem + ((1vw - 0.2rem) * 0.856), 1.4rem);\">Contamos con la posibilidad de buscarle financiaci\u00f3n para que el pago le sea mas c\u00f3modo y llevadero, todo acompa\u00f1ado de diferentes tipos de mantenimientos que puede abarcar  sustituci\u00f3n de piezas, asistencias en fines de semana y festivo, asistencia remota y telef\u00f3nica, asistencia presencial, mantenimiento preventivo. Todo lo necesario para que su negocio nunca deje de trabajar<\/p>\n\n\n\n<div class=\"wp-block-cover alignfull is-light\" style=\"min-height:506px;aspect-ratio:unset;\"><span aria-hidden=\"true\" class=\"wp-block-cover__background has-background-dim\"><\/span><img data-recalc-dims=\"1\" loading=\"lazy\" decoding=\"async\" width=\"768\" height=\"512\" class=\"wp-block-cover__image-background wp-image-262\" alt=\"\" src=\"https:\/\/i0.wp.com\/huelvadigital.com\/pweb\/wp-content\/uploads\/2023\/04\/cashlogy-portada.jpg?resize=768%2C512&#038;ssl=1\" data-object-fit=\"cover\" srcset=\"https:\/\/i0.wp.com\/huelvadigital.com\/pweb\/wp-content\/uploads\/2023\/04\/cashlogy-portada.jpg?w=768&amp;ssl=1 768w, https:\/\/i0.wp.com\/huelvadigital.com\/pweb\/wp-content\/uploads\/2023\/04\/cashlogy-portada.jpg?resize=300%2C200&amp;ssl=1 300w\" sizes=\"auto, (max-width: 768px) 100vw, 768px\" \/><div class=\"wp-block-cover__inner-container is-layout-flow wp-block-cover-is-layout-flow\">\n<p class=\"has-text-align-center has-hf-contrast-color has-text-color has-x-large-font-size\">PRIMERAS MARCAS<\/p>\n<\/div><\/div>\n\n\n\n<h3 class=\"wp-block-heading has-text-align-center\">Trabajamos con las primeras marcas del mercado<\/h3>\n\n\n\n<div class=\"wp-block-columns is-layout-flex wp-container-core-columns-is-layout-28f84493 wp-block-columns-is-layout-flex\">\n<div class=\"wp-block-column is-layout-flow wp-block-column-is-layout-flow\" style=\"flex-basis:1000%\">\n<div class=\"wp-block-columns is-layout-flex wp-container-core-columns-is-layout-28f84493 wp-block-columns-is-layout-flex\">\n<div class=\"wp-block-column is-layout-flow wp-block-column-is-layout-flow\" style=\"flex-basis:100%\">\n<div class=\"wp-block-columns is-layout-flex wp-container-core-columns-is-layout-28f84493 wp-block-columns-is-layout-flex\">\n<div class=\"wp-block-column is-layout-flow wp-block-column-is-layout-flow\" style=\"flex-basis:100%\">\n<div class=\"wp-block-columns are-vertically-aligned-center is-layout-flex wp-container-core-columns-is-layout-28f84493 wp-block-columns-is-layout-flex\">\n<div class=\"wp-block-column is-vertically-aligned-center is-layout-flow wp-block-column-is-layout-flow\">\n<figure class=\"wp-block-image size-full\"><img data-recalc-dims=\"1\" loading=\"lazy\" decoding=\"async\" width=\"1000\" height=\"309\" src=\"https:\/\/i0.wp.com\/huelvadigital.com\/pweb\/wp-content\/uploads\/2023\/04\/cashkeeper.png?resize=1000%2C309&#038;ssl=1\" alt=\"\" class=\"wp-image-616\" srcset=\"https:\/\/i0.wp.com\/huelvadigital.com\/pweb\/wp-content\/uploads\/2023\/04\/cashkeeper.png?w=1000&amp;ssl=1 1000w, https:\/\/i0.wp.com\/huelvadigital.com\/pweb\/wp-content\/uploads\/2023\/04\/cashkeeper.png?resize=300%2C93&amp;ssl=1 300w, https:\/\/i0.wp.com\/huelvadigital.com\/pweb\/wp-content\/uploads\/2023\/04\/cashkeeper.png?resize=768%2C237&amp;ssl=1 768w, https:\/\/i0.wp.com\/huelvadigital.com\/pweb\/wp-content\/uploads\/2023\/04\/cashkeeper.png?resize=600%2C185&amp;ssl=1 600w\" sizes=\"auto, (max-width: 1000px) 100vw, 1000px\" \/><\/figure>\n<\/div>\n\n\n\n<div class=\"wp-block-column is-vertically-aligned-center is-layout-flow wp-block-column-is-layout-flow\">\n<figure class=\"wp-block-gallery has-nested-images columns-default is-cropped wp-block-gallery-1 is-layout-flex wp-block-gallery-is-layout-flex\">\n<figure class=\"wp-block-image size-large\"><img data-recalc-dims=\"1\" loading=\"lazy\" decoding=\"async\" width=\"1024\" height=\"629\" data-id=\"617\" src=\"https:\/\/i0.wp.com\/huelvadigital.com\/pweb\/wp-content\/uploads\/2023\/04\/cashlogy-by-azkoyen-logo.png?resize=1024%2C629&#038;ssl=1\" alt=\"\" class=\"wp-image-617\" srcset=\"https:\/\/i0.wp.com\/huelvadigital.com\/pweb\/wp-content\/uploads\/2023\/04\/cashlogy-by-azkoyen-logo.png?resize=1024%2C629&amp;ssl=1 1024w, https:\/\/i0.wp.com\/huelvadigital.com\/pweb\/wp-content\/uploads\/2023\/04\/cashlogy-by-azkoyen-logo.png?resize=300%2C184&amp;ssl=1 300w, https:\/\/i0.wp.com\/huelvadigital.com\/pweb\/wp-content\/uploads\/2023\/04\/cashlogy-by-azkoyen-logo.png?resize=768%2C472&amp;ssl=1 768w, https:\/\/i0.wp.com\/huelvadigital.com\/pweb\/wp-content\/uploads\/2023\/04\/cashlogy-by-azkoyen-logo.png?resize=1536%2C944&amp;ssl=1 1536w, https:\/\/i0.wp.com\/huelvadigital.com\/pweb\/wp-content\/uploads\/2023\/04\/cashlogy-by-azkoyen-logo.png?resize=2048%2C1258&amp;ssl=1 2048w, https:\/\/i0.wp.com\/huelvadigital.com\/pweb\/wp-content\/uploads\/2023\/04\/cashlogy-by-azkoyen-logo.png?resize=1320%2C811&amp;ssl=1 1320w, https:\/\/i0.wp.com\/huelvadigital.com\/pweb\/wp-content\/uploads\/2023\/04\/cashlogy-by-azkoyen-logo.png?resize=600%2C369&amp;ssl=1 600w\" sizes=\"auto, (max-width: 1000px) 100vw, 1000px\" \/><\/figure>\n<\/figure>\n<\/div>\n\n\n\n<div class=\"wp-block-column is-vertically-aligned-center is-layout-flow wp-block-column-is-layout-flow\">\n<figure class=\"wp-block-image size-full is-resized\"><img data-recalc-dims=\"1\" loading=\"lazy\" decoding=\"async\" width=\"225\" height=\"225\" src=\"https:\/\/i0.wp.com\/huelvadigital.com\/pweb\/wp-content\/uploads\/2023\/04\/logo-cashguard-2.png?resize=225%2C225&#038;ssl=1\" alt=\"\" class=\"wp-image-270\" style=\"width:152px;height:152px\" srcset=\"https:\/\/i0.wp.com\/huelvadigital.com\/pweb\/wp-content\/uploads\/2023\/04\/logo-cashguard-2.png?w=225&amp;ssl=1 225w, https:\/\/i0.wp.com\/huelvadigital.com\/pweb\/wp-content\/uploads\/2023\/04\/logo-cashguard-2.png?resize=150%2C150&amp;ssl=1 150w\" sizes=\"auto, (max-width: 225px) 100vw, 225px\" \/><\/figure>\n<\/div>\n\n\n\n<div class=\"wp-block-column is-layout-flow wp-block-column-is-layout-flow\">\n<figure class=\"wp-block-image size-full aplo-has-transforms\" style=\"--aplo-transform-string:translateY(18px) \"><img data-recalc-dims=\"1\" loading=\"lazy\" decoding=\"async\" width=\"1000\" height=\"667\" src=\"https:\/\/i0.wp.com\/huelvadigital.com\/pweb\/wp-content\/uploads\/2023\/04\/logo-cashprotec-2t.webp?resize=1000%2C667&#038;ssl=1\" alt=\"\" class=\"wp-image-614\"\/><\/figure>\n<\/div>\n\n\n\n<div class=\"wp-block-column is-vertically-aligned-center is-layout-flow wp-block-column-is-layout-flow\">\n<figure class=\"wp-block-image alignright size-full\"><img data-recalc-dims=\"1\" loading=\"lazy\" decoding=\"async\" width=\"260\" height=\"94\" src=\"https:\/\/i0.wp.com\/huelvadigital.com\/pweb\/wp-content\/uploads\/2023\/04\/alice_extended.png?resize=260%2C94&#038;ssl=1\" alt=\"\" class=\"wp-image-612\"\/><\/figure>\n<\/div>\n<\/div>\n<\/div>\n<\/div>\n<\/div>\n<\/div>\n<\/div>\n<\/div>\n\n\n\n<div class=\"is-style-default wp-block-cover alignwide is-light has-small-font-size\" style=\"min-height:541px;aspect-ratio:unset;\"><span aria-hidden=\"true\" class=\"wp-block-cover__background has-secondary-background-color has-background-dim\"><\/span><img data-recalc-dims=\"1\" loading=\"lazy\" decoding=\"async\" width=\"900\" height=\"500\" class=\"wp-block-cover__image-background wp-image-173\" alt=\"\" src=\"https:\/\/i0.wp.com\/huelvadigital.com\/pweb\/wp-content\/uploads\/2023\/03\/comercial.jpg?resize=900%2C500&#038;ssl=1\" style=\"object-position:54% 47%\" data-object-fit=\"cover\" data-object-position=\"54% 47%\" srcset=\"https:\/\/i0.wp.com\/huelvadigital.com\/pweb\/wp-content\/uploads\/2023\/03\/comercial.jpg?w=900&amp;ssl=1 900w, https:\/\/i0.wp.com\/huelvadigital.com\/pweb\/wp-content\/uploads\/2023\/03\/comercial.jpg?resize=300%2C167&amp;ssl=1 300w, https:\/\/i0.wp.com\/huelvadigital.com\/pweb\/wp-content\/uploads\/2023\/03\/comercial.jpg?resize=768%2C427&amp;ssl=1 768w\" sizes=\"auto, (max-width: 900px) 100vw, 900px\" \/><div class=\"wp-block-cover__inner-container is-layout-flow wp-block-cover-is-layout-flow\">\n<p class=\"has-text-align-center has-black-color has-text-color has-large-font-size\"><em><span style=\"text-decoration: underline;\"><strong>Contacte con nosotros y le asesoraremos<\/strong><\/span><\/em><\/p>\n\n\n<div class=\"wp-block-jetpack-contact-form is-style-default\"><a href=\"https:\/\/huelvadigital.com\/pweb\/cajones-de-cobro\/\" target=\"_blank\" rel=\"noopener noreferrer\">Env\u00eda un formulario.<\/a><\/div><\/div><\/div>\n","protected":false},"excerpt":{"rendered":"<p>\u00bfCansad@ de descuadres de caja?, \u00bfCansad@ de vigilar su dinero?, \u00bfQuiere su caja siempre cuadrada? Con el paso del tiempo la tecnolog\u00eda nos ha hecho mas libre, incluso con una cosa tan delicada como el dinero, los sistemas de gesti\u00f3n de efectivo o los llamados Cajones de cobros \/ Gesti\u00f3n de efectico, son un nuevo [&hellip;]<\/p>\n","protected":false},"author":1,"featured_media":211,"parent":0,"menu_order":0,"comment_status":"closed","ping_status":"closed","template":"","meta":{"nf_dc_page":"","footnotes":""},"class_list":["post-68","page","type-page","status-publish","has-post-thumbnail","hentry"],"jetpack_sharing_enabled":true,"_links":{"self":[{"href":"https:\/\/huelvadigital.com\/pweb\/wp-json\/wp\/v2\/pages\/68","targetHints":{"allow":["GET"]}}],"collection":[{"href":"https:\/\/huelvadigital.com\/pweb\/wp-json\/wp\/v2\/pages"}],"about":[{"href":"https:\/\/huelvadigital.com\/pweb\/wp-json\/wp\/v2\/types\/page"}],"author":[{"embeddable":true,"href":"https:\/\/huelvadigital.com\/pweb\/wp-json\/wp\/v2\/users\/1"}],"replies":[{"embeddable":true,"href":"https:\/\/huelvadigital.com\/pweb\/wp-json\/wp\/v2\/comments?post=68"}],"version-history":[{"count":5,"href":"https:\/\/huelvadigital.com\/pweb\/wp-json\/wp\/v2\/pages\/68\/revisions"}],"predecessor-version":[{"id":684,"href":"https:\/\/huelvadigital.com\/pweb\/wp-json\/wp\/v2\/pages\/68\/revisions\/684"}],"wp:featuredmedia":[{"embeddable":true,"href":"https:\/\/huelvadigital.com\/pweb\/wp-json\/wp\/v2\/media\/211"}],"wp:attachment":[{"href":"https:\/\/huelvadigital.com\/pweb\/wp-json\/wp\/v2\/media?parent=68"}],"curies":[{"name":"wp","href":"https:\/\/api.w.org\/{rel}","templated":true}]}}